{"id":4054,"date":"2024-10-12T10:12:17","date_gmt":"2024-10-12T07:12:17","guid":{"rendered":"https:\/\/disainveeb.ee\/blogg\/"},"modified":"2024-11-03T12:12:19","modified_gmt":"2024-11-03T10:12:19","slug":"blogg","status":"publish","type":"page","link":"https:\/\/disainveeb.ee\/sv\/blogg\/","title":{"rendered":"Blogg"},"content":{"rendered":"\n<main class=\"wp-block-group alignfull has-global-padding is-layout-constrained wp-container-core-group-is-layout-78b429ea wp-block-group-is-layout-constrained\" style=\"margin-top:0;margin-bottom:0;padding-top:var(--wp--preset--spacing--30);padding-right:var(--wp--preset--spacing--50);padding-bottom:var(--wp--preset--spacing--70);padding-left:var(--wp--preset--spacing--50)\">\n<div class=\"wp-block-query alignwide is-style-default is-layout-flow wp-block-query-is-layout-flow\"><ul class=\"wp-block-post-template is-layout-flow wp-block-post-template-is-layout-flow\"><li class=\"wp-block-post post-4822 post type-post status-publish format-standard hentry category-blogg\">\n\n<div class=\"wp-block-group has-textonbutton-color has-lightbg-background-color has-text-color has-background has-link-color wp-elements-634c365b7caa19d7331f58620b4e5051 is-layout-flow wp-block-group-is-layout-flow\" style=\"border-radius:15px;margin-bottom:var(--wp--preset--spacing--70);padding-top:var(--wp--preset--spacing--80);padding-right:var(--wp--preset--spacing--70);padding-bottom:var(--wp--preset--spacing--80);padding-left:var(--wp--preset--spacing--70)\">\n<div class=\"wp-block-columns is-layout-flex wp-container-core-columns-is-layout-28f84493 wp-block-columns-is-layout-flex\">\n<div class=\"wp-block-column is-layout-flow wp-block-column-is-layout-flow\" style=\"flex-basis:70%\">\n<div class=\"wp-block-group is-layout-flow wp-container-core-group-is-layout-119bc444 wp-block-group-is-layout-flow\"><div style=\"text-transform:uppercase\" class=\"taxonomy-category is-style-gs-tags-rounded wp-block-post-terms has-xsmall-font-size\"><a href=\"https:\/\/disainveeb.ee\/sv\/category\/blogg\/\" rel=\"tag\">Blogg<\/a><\/div><style>.is-style-gs-tags-rounded.wp-block-post-terms a{display:inline-block;margin:0 .25rem .25rem .25rem;padding:2px 10px;text-decoration:none;border-radius:50px;color:currentColor;border:1px solid currentColor; opacity:0.8; transition: opacity 0.5s ease }.is-style-gs-tags-rounded.wp-block-post-terms .wp-block-post-terms__separator{display:none}.is-style-gs-tags-rounded.wp-block-post-terms a:hover{opacity:1}<\/style>\n\n<h2 style=\"line-height:1.4;\" class=\"wp-block-post-title has-x-large-font-size\"><a href=\"https:\/\/disainveeb.ee\/sv\/blogg\/webbplats-vs-e-butik-vad-ar-skillnaden-och-vilken-ska-man-valja\/\" target=\"_self\" >Webbplats vs e-butik: vad \u00e4r skillnaden och vilken ska man v\u00e4lja?<\/a><\/h2>\n\n<div class=\"is-style-text-clamp-two wp-block-post-excerpt\"><p class=\"wp-block-post-excerpt__excerpt\">Om du planerar en webbl\u00f6sning f\u00f6r ditt f\u00f6retag kan skillnaden mellan begreppen &#8221;webbplats&#8221; och &#8221;e-butik&#8221; vara f\u00f6rvirrande. Ofta ber folk om en offert p\u00e5 en webbplats, men de vill ocks\u00e5 kunna s\u00e4lja produkter &#8211; vilket leder oss till hybridl\u00f6sningar, d\u00e4r en webbplats och en e-butik fungerar som en enhet. I det h\u00e4r inl\u00e4gget f\u00f6rklarar vi&hellip; <\/p><\/div><style>.is-style-text-clamp-two p, .wp-block-post-title.is-style-text-clamp-two{display: -webkit-box;-webkit-line-clamp: 2;-webkit-box-orient: vertical;  overflow: hidden; margin:0}<\/style>\n\n<style>.is-style-greenshift-tags-color.wp-block-post-terms a{display:inline-block;margin:0 .25rem;background:var(--wp--preset--color--tagcolor);padding:5px 10px;font-size:var(--wp--preset--font-size--xsmall);text-decoration:none;border-radius:5px; line-height:var(--wp--custom--line-height--normal);color:currentColor;}.is-style-greenshift-tags-color.wp-block-post-terms .wp-block-post-terms__separator{display:none}<\/style><\/div>\n<\/div>\n\n\n\n<div class=\"wp-block-column is-layout-flow wp-block-column-is-layout-flow\" style=\"flex-basis:30%\"><\/div>\n<\/div>\n<\/div>\n\n<\/li><\/ul><\/div>\n\n\n\n<div class=\"wp-block-query alignwide is-style-default is-layout-flow wp-block-query-is-layout-flow\"><ul class=\"columns-2 wp-block-post-template is-layout-grid wp-container-core-post-template-is-layout-c853f95c wp-block-post-template-is-layout-grid\"><li class=\"wp-block-post post-4183 post type-post status-publish format-standard hentry category-blogg\">\n\n<div class=\"wp-block-group is-layout-flow wp-container-core-group-is-layout-65c0078e wp-block-group-is-layout-flow\" style=\"padding-top:var(--wp--preset--spacing--50);padding-bottom:var(--wp--preset--spacing--50)\">\n\n<h2 style=\"line-height:1.4;\" class=\"wp-block-post-title has-big-font-size\"><a href=\"https:\/\/disainveeb.ee\/sv\/blogg\/5-misstag-som-manga-gor-nar-de-skapar-en-webbplats-och-hur-man-undviker-dem\/\" target=\"_self\" >5 misstag som m\u00e5nga g\u00f6r n\u00e4r de skapar en webbplats och hur man undviker dem.<\/a><\/h2>\n\n<div class=\"is-style-text-clamp-two wp-block-post-excerpt\"><p class=\"wp-block-post-excerpt__excerpt\">Visste du att det skapas tusentals nya webbplatser varje dag? Men tyv\u00e4rr n\u00e5r de flesta av dem aldrig upp till toppen av Googles s\u00f6kresultat och ger inte bes\u00f6karna vad de f\u00f6rv\u00e4ntar sig. Om du \u00e4r i ett tidigt skede av planeringen av din webbplats eller funderar p\u00e5 att skaffa en ny webbplats \u00e4r det viktigt&hellip; <\/p><\/div><style>.is-style-text-clamp-two p, .wp-block-post-title.is-style-text-clamp-two{display: -webkit-box;-webkit-line-clamp: 2;-webkit-box-orient: vertical;  overflow: hidden; margin:0}<\/style>\n\n<style>.is-style-greenshift-tags-color.wp-block-post-terms a{display:inline-block;margin:0 .25rem;background:var(--wp--preset--color--tagcolor);padding:5px 10px;font-size:var(--wp--preset--font-size--xsmall);text-decoration:none;border-radius:5px; line-height:var(--wp--custom--line-height--normal);color:currentColor;}.is-style-greenshift-tags-color.wp-block-post-terms .wp-block-post-terms__separator{display:none}<\/style><\/div>\n\n<\/li><li class=\"wp-block-post post-4187 post type-post status-publish format-standard hentry category-blogg\">\n\n<div class=\"wp-block-group is-layout-flow wp-container-core-group-is-layout-65c0078e wp-block-group-is-layout-flow\" style=\"padding-top:var(--wp--preset--spacing--50);padding-bottom:var(--wp--preset--spacing--50)\">\n\n<h2 style=\"line-height:1.4;\" class=\"wp-block-post-title has-big-font-size\"><a href=\"https:\/\/disainveeb.ee\/sv\/blogg\/vad-ar-mysql-och-vad-anvands-det-till\/\" target=\"_self\" >Vad \u00e4r MySQL och vad anv\u00e4nds det till?<\/a><\/h2>\n\n<div class=\"is-style-text-clamp-two wp-block-post-excerpt\"><p class=\"wp-block-post-excerpt__excerpt\">MySQL \u00e4r ett av de mest popul\u00e4ra och anv\u00e4nda RDBMS (Relational Database Management Systems) i v\u00e4rlden. Det utvecklades ursprungligen av det svenska f\u00f6retaget MySQL AB 1995, men \u00e4gs nu av Oracle Corporation. MySQL \u00e4r en programvara med \u00f6ppen k\u00e4llkod, vilket inneb\u00e4r att vem som helst fritt kan anv\u00e4nda den och anpassa den till sina behov.&hellip; <\/p><\/div><style>.is-style-text-clamp-two p, .wp-block-post-title.is-style-text-clamp-two{display: -webkit-box;-webkit-line-clamp: 2;-webkit-box-orient: vertical;  overflow: hidden; margin:0}<\/style>\n\n<style>.is-style-greenshift-tags-color.wp-block-post-terms a{display:inline-block;margin:0 .25rem;background:var(--wp--preset--color--tagcolor);padding:5px 10px;font-size:var(--wp--preset--font-size--xsmall);text-decoration:none;border-radius:5px; line-height:var(--wp--custom--line-height--normal);color:currentColor;}.is-style-greenshift-tags-color.wp-block-post-terms .wp-block-post-terms__separator{display:none}<\/style><\/div>\n\n<\/li><li class=\"wp-block-post post-4248 post type-post status-publish format-standard hentry category-blogg\">\n\n<div class=\"wp-block-group is-layout-flow wp-container-core-group-is-layout-65c0078e wp-block-group-is-layout-flow\" style=\"padding-top:var(--wp--preset--spacing--50);padding-bottom:var(--wp--preset--spacing--50)\">\n\n<h2 style=\"line-height:1.4;\" class=\"wp-block-post-title has-big-font-size\"><a href=\"https:\/\/disainveeb.ee\/sv\/blogg\/vad-ar-saas\/\" target=\"_self\" >Vad \u00e4r SaaS?<\/a><\/h2>\n\n<div class=\"is-style-text-clamp-two wp-block-post-excerpt\"><p class=\"wp-block-post-excerpt__excerpt\">I dagens digitala v\u00e4rld har SaaS (Software as a Service) blivit ett viktigt begrepp. Enkelt uttryckt \u00e4r SaaS en modell d\u00e4r programvara levereras \u00f6ver internet p\u00e5 prenumerationsbasis. Det inneb\u00e4r att du inte beh\u00f6ver k\u00f6pa programvaran och installera den p\u00e5 din dator. Ist\u00e4llet loggar du in p\u00e5 webben och anv\u00e4nder programvaran p\u00e5 leverant\u00f6rens servrar. M\u00e5nga av&hellip; <\/p><\/div><style>.is-style-text-clamp-two p, .wp-block-post-title.is-style-text-clamp-two{display: -webkit-box;-webkit-line-clamp: 2;-webkit-box-orient: vertical;  overflow: hidden; margin:0}<\/style>\n\n<style>.is-style-greenshift-tags-color.wp-block-post-terms a{display:inline-block;margin:0 .25rem;background:var(--wp--preset--color--tagcolor);padding:5px 10px;font-size:var(--wp--preset--font-size--xsmall);text-decoration:none;border-radius:5px; line-height:var(--wp--custom--line-height--normal);color:currentColor;}.is-style-greenshift-tags-color.wp-block-post-terms .wp-block-post-terms__separator{display:none}<\/style><\/div>\n\n<\/li><li class=\"wp-block-post post-4262 post type-post status-publish format-standard hentry category-blogg\">\n\n<div class=\"wp-block-group is-layout-flow wp-container-core-group-is-layout-65c0078e wp-block-group-is-layout-flow\" style=\"padding-top:var(--wp--preset--spacing--50);padding-bottom:var(--wp--preset--spacing--50)\">\n\n<h2 style=\"line-height:1.4;\" class=\"wp-block-post-title has-big-font-size\"><a href=\"https:\/\/disainveeb.ee\/sv\/blogg\/vad-ar-en-doman-och-en-subdoman\/\" target=\"_self\" >Vad \u00e4r en dom\u00e4n och en subdom\u00e4n?<\/a><\/h2>\n\n<div class=\"is-style-text-clamp-two wp-block-post-excerpt\"><p class=\"wp-block-post-excerpt__excerpt\">Dom\u00e4n En dom\u00e4n \u00e4r en viktig komponent i Internets DNS-system (Domain Name System), som hj\u00e4lper till att koppla samman Internetresurser och datorer med hj\u00e4lp av deras namn. Systemet omvandlar ett dom\u00e4nnamn till en IP-adress, vilket g\u00f6r att datorer och servrar kan hitta varandra. Dom\u00e4ner \u00e4r hierarkiskt uppbyggda och b\u00f6rjar med h\u00f6gniv\u00e5dom\u00e4ner (TLD) som &#8221;.com&#8221;, &#8221;.org&#8221;,&hellip; <\/p><\/div><style>.is-style-text-clamp-two p, .wp-block-post-title.is-style-text-clamp-two{display: -webkit-box;-webkit-line-clamp: 2;-webkit-box-orient: vertical;  overflow: hidden; margin:0}<\/style>\n\n<style>.is-style-greenshift-tags-color.wp-block-post-terms a{display:inline-block;margin:0 .25rem;background:var(--wp--preset--color--tagcolor);padding:5px 10px;font-size:var(--wp--preset--font-size--xsmall);text-decoration:none;border-radius:5px; line-height:var(--wp--custom--line-height--normal);color:currentColor;}.is-style-greenshift-tags-color.wp-block-post-terms .wp-block-post-terms__separator{display:none}<\/style><\/div>\n\n<\/li><li class=\"wp-block-post post-4268 post type-post status-publish format-standard hentry category-blogg\">\n\n<div class=\"wp-block-group is-layout-flow wp-container-core-group-is-layout-65c0078e wp-block-group-is-layout-flow\" style=\"padding-top:var(--wp--preset--spacing--50);padding-bottom:var(--wp--preset--spacing--50)\">\n\n<h2 style=\"line-height:1.4;\" class=\"wp-block-post-title has-big-font-size\"><a href=\"https:\/\/disainveeb.ee\/sv\/blogg\/webbplatsens-hastighet-inverkan-och-vikten-av-seo\/\" target=\"_self\" >Webbplatsens hastighet: inverkan och vikten av SEO<\/a><\/h2>\n\n<div class=\"is-style-text-clamp-two wp-block-post-excerpt\"><p class=\"wp-block-post-excerpt__excerpt\">Nuf\u00f6rtiden har m\u00e4nniskors genomsnittliga uppm\u00e4rksamhetsspann minskat avsev\u00e4rt. Denna f\u00f6r\u00e4ndring kr\u00e4ver snabbare och mer effektiv webbdesign och optimering f\u00f6r att ge omedelbar information. Webbplatsens hastighet och anv\u00e4ndarupplevelse \u00e4r d\u00e4rf\u00f6r avg\u00f6rande f\u00f6r att skapa ett positivt f\u00f6rsta intryck och beh\u00e5lla anv\u00e4ndarna. Sidor med l\u00e5ngsam laddning riskerar att f\u00f6rlora bes\u00f6kare som inte \u00e4r villiga att v\u00e4nta. Dessutom b\u00f6rjar&hellip; <\/p><\/div><style>.is-style-text-clamp-two p, .wp-block-post-title.is-style-text-clamp-two{display: -webkit-box;-webkit-line-clamp: 2;-webkit-box-orient: vertical;  overflow: hidden; margin:0}<\/style>\n\n<style>.is-style-greenshift-tags-color.wp-block-post-terms a{display:inline-block;margin:0 .25rem;background:var(--wp--preset--color--tagcolor);padding:5px 10px;font-size:var(--wp--preset--font-size--xsmall);text-decoration:none;border-radius:5px; line-height:var(--wp--custom--line-height--normal);color:currentColor;}.is-style-greenshift-tags-color.wp-block-post-terms .wp-block-post-terms__separator{display:none}<\/style><\/div>\n\n<\/li><li class=\"wp-block-post post-4274 post type-post status-publish format-standard hentry category-blogg\">\n\n<div class=\"wp-block-group is-layout-flow wp-container-core-group-is-layout-65c0078e wp-block-group-is-layout-flow\" style=\"padding-top:var(--wp--preset--spacing--50);padding-bottom:var(--wp--preset--spacing--50)\">\n\n<h2 style=\"line-height:1.4;\" class=\"wp-block-post-title has-big-font-size\"><a href=\"https:\/\/disainveeb.ee\/sv\/blogg\/shopify-plattformen-for-att-skapa-en-onlinebutik\/\" target=\"_self\" >Shopify: plattformen f\u00f6r att skapa en onlinebutik<\/a><\/h2>\n\n<div class=\"is-style-text-clamp-two wp-block-post-excerpt\"><p class=\"wp-block-post-excerpt__excerpt\">Shopify \u00e4r en av de ledande e-handelsplattformarna som hj\u00e4lper f\u00f6retag att snabbt och enkelt lansera sina onlinebutiker. Plattformen \u00e4r k\u00e4nd f\u00f6r sitt anv\u00e4ndarv\u00e4nliga gr\u00e4nssnitt, som g\u00f6r det enkelt att skapa en e-handelsbutik, \u00e4ven f\u00f6r icke-tekniska anv\u00e4ndare. Shopify erbjuder en intuitiv adminpanel och m\u00e5nga inbyggda verktyg, vilket g\u00f6r den l\u00e4mplig f\u00f6r f\u00f6retag i alla storlekar. Shopify&hellip; <\/p><\/div><style>.is-style-text-clamp-two p, .wp-block-post-title.is-style-text-clamp-two{display: -webkit-box;-webkit-line-clamp: 2;-webkit-box-orient: vertical;  overflow: hidden; margin:0}<\/style>\n\n<style>.is-style-greenshift-tags-color.wp-block-post-terms a{display:inline-block;margin:0 .25rem;background:var(--wp--preset--color--tagcolor);padding:5px 10px;font-size:var(--wp--preset--font-size--xsmall);text-decoration:none;border-radius:5px; line-height:var(--wp--custom--line-height--normal);color:currentColor;}.is-style-greenshift-tags-color.wp-block-post-terms .wp-block-post-terms__separator{display:none}<\/style><\/div>\n\n<\/li><li class=\"wp-block-post post-4291 post type-post status-publish format-standard hentry category-blogg\">\n\n<div class=\"wp-block-group is-layout-flow wp-container-core-group-is-layout-65c0078e wp-block-group-is-layout-flow\" style=\"padding-top:var(--wp--preset--spacing--50);padding-bottom:var(--wp--preset--spacing--50)\">\n\n<h2 style=\"line-height:1.4;\" class=\"wp-block-post-title has-big-font-size\"><a href=\"https:\/\/disainveeb.ee\/sv\/blogg\/mis-on-elementor\/\" target=\"_self\" >Vad \u00e4r Elementor?<\/a><\/h2>\n\n<div class=\"is-style-text-clamp-two wp-block-post-excerpt\"><p class=\"wp-block-post-excerpt__excerpt\">Har du n\u00e5gonsin funderat p\u00e5 att skapa en egen hemsida, men tekniska hinder k\u00e4nns f\u00f6r skr\u00e4mmande? Elementor \u00e4r det verktyget som kan hj\u00e4lpa dig att f\u00f6rverkliga dina id\u00e9er. Elementor \u00e4r ett plugin f\u00f6r WordPress som kan anv\u00e4ndas b\u00e5de i en gratis och en betald version. De betalda versionerna har fler funktioner och m\u00f6jligheter som g\u00f6r&hellip; <\/p><\/div><style>.is-style-text-clamp-two p, .wp-block-post-title.is-style-text-clamp-two{display: -webkit-box;-webkit-line-clamp: 2;-webkit-box-orient: vertical;  overflow: hidden; margin:0}<\/style>\n\n<style>.is-style-greenshift-tags-color.wp-block-post-terms a{display:inline-block;margin:0 .25rem;background:var(--wp--preset--color--tagcolor);padding:5px 10px;font-size:var(--wp--preset--font-size--xsmall);text-decoration:none;border-radius:5px; line-height:var(--wp--custom--line-height--normal);color:currentColor;}.is-style-greenshift-tags-color.wp-block-post-terms .wp-block-post-terms__separator{display:none}<\/style><\/div>\n\n<\/li><li class=\"wp-block-post post-4303 post type-post status-publish format-standard hentry category-blogg\">\n\n<div class=\"wp-block-group is-layout-flow wp-container-core-group-is-layout-65c0078e wp-block-group-is-layout-flow\" style=\"padding-top:var(--wp--preset--spacing--50);padding-bottom:var(--wp--preset--spacing--50)\">\n\n<h2 style=\"line-height:1.4;\" class=\"wp-block-post-title has-big-font-size\"><a href=\"https:\/\/disainveeb.ee\/sv\/blogg\/komma-igang-med-webbutveckling-html-css-och-javascript\/\" target=\"_self\" >Komma ig\u00e5ng med webbutveckling: HTML, CSS och JavaScript<\/a><\/h2>\n\n<div class=\"is-style-text-clamp-two wp-block-post-excerpt\"><p class=\"wp-block-post-excerpt__excerpt\">HTML &#8211; Webbens inneh\u00e5llsskapande HTML (HyperText Markup Language) \u00e4r ett spr\u00e5k som anv\u00e4nds f\u00f6r att definiera webbplatsers struktur och inneh\u00e5ll. Det utg\u00f6r grunden f\u00f6r en webbplats uppbyggnad. Med HTML kan du skapa text, bilder, l\u00e4nkar och annat inneh\u00e5ll som \u00e4r synligt f\u00f6r webbplatsens bes\u00f6kare. HTML har alltid varit en grundpelare inom webbutveckling och en viktig&hellip; <\/p><\/div><style>.is-style-text-clamp-two p, .wp-block-post-title.is-style-text-clamp-two{display: -webkit-box;-webkit-line-clamp: 2;-webkit-box-orient: vertical;  overflow: hidden; margin:0}<\/style>\n\n<style>.is-style-greenshift-tags-color.wp-block-post-terms a{display:inline-block;margin:0 .25rem;background:var(--wp--preset--color--tagcolor);padding:5px 10px;font-size:var(--wp--preset--font-size--xsmall);text-decoration:none;border-radius:5px; line-height:var(--wp--custom--line-height--normal);color:currentColor;}.is-style-greenshift-tags-color.wp-block-post-terms .wp-block-post-terms__separator{display:none}<\/style><\/div>\n\n<\/li><li class=\"wp-block-post post-4310 post type-post status-publish format-standard hentry category-blogg\">\n\n<div class=\"wp-block-group is-layout-flow wp-container-core-group-is-layout-65c0078e wp-block-group-is-layout-flow\" style=\"padding-top:var(--wp--preset--spacing--50);padding-bottom:var(--wp--preset--spacing--50)\">\n\n<h2 style=\"line-height:1.4;\" class=\"wp-block-post-title has-big-font-size\"><a href=\"https:\/\/disainveeb.ee\/sv\/blogg\/woocommerce-e-handla-pa-wordpress-plattformen\/\" target=\"_self\" >WooCommerce: e-handla p\u00e5 WordPress-plattformen<\/a><\/h2>\n\n<div class=\"is-style-text-clamp-two wp-block-post-excerpt\"><p class=\"wp-block-post-excerpt__excerpt\">WooCommerce \u00e4r ett WordPress-plugin som g\u00f6r att du snabbt och enkelt kan skapa din egen webbutik. Den erbjuder en m\u00e4ngd olika funktioner inklusive produkthantering, kundvagn, betalningsalternativ, frakt och mer. Vad \u00e4r WooCommerce? WooCommerce \u00e4r en open-source e-handelsplattform som fungerar som ett plugin f\u00f6r WordPress-webbplatser. Det g\u00f6r det m\u00f6jligt f\u00f6r anv\u00e4ndare att skapa och hantera webbutiker&hellip; <\/p><\/div><style>.is-style-text-clamp-two p, .wp-block-post-title.is-style-text-clamp-two{display: -webkit-box;-webkit-line-clamp: 2;-webkit-box-orient: vertical;  overflow: hidden; margin:0}<\/style>\n\n<style>.is-style-greenshift-tags-color.wp-block-post-terms a{display:inline-block;margin:0 .25rem;background:var(--wp--preset--color--tagcolor);padding:5px 10px;font-size:var(--wp--preset--font-size--xsmall);text-decoration:none;border-radius:5px; line-height:var(--wp--custom--line-height--normal);color:currentColor;}.is-style-greenshift-tags-color.wp-block-post-terms .wp-block-post-terms__separator{display:none}<\/style><\/div>\n\n<\/li><li class=\"wp-block-post post-4322 post type-post status-publish format-standard hentry category-blogg\">\n\n<div class=\"wp-block-group is-layout-flow wp-container-core-group-is-layout-65c0078e wp-block-group-is-layout-flow\" style=\"padding-top:var(--wp--preset--spacing--50);padding-bottom:var(--wp--preset--spacing--50)\">\n\n<h2 style=\"line-height:1.4;\" class=\"wp-block-post-title has-big-font-size\"><a href=\"https:\/\/disainveeb.ee\/sv\/blogg\/wordpress-det-enkla-sattet-att-skapa-professionella-webbplatser\/\" target=\"_self\" >WordPress: det enkla s\u00e4ttet att skapa professionella webbplatser<\/a><\/h2>\n\n<div class=\"is-style-text-clamp-two wp-block-post-excerpt\"><p class=\"wp-block-post-excerpt__excerpt\">WordPress \u00e4r en \u00f6ppen k\u00e4llkodsplattform som g\u00f6r det enkelt att skapa en professionell webbplats, tillg\u00e4nglig f\u00f6r alla oavsett deras tekniska kunskaper eller tidigare erfarenheter. Dess popularitet beror p\u00e5 flera faktorer, inklusive ett anv\u00e4ndarv\u00e4nligt gr\u00e4nssnitt, omfattande anpassningsm\u00f6jligheter och ett stort community. L\u00e4tt att anv\u00e4nda och anpassa WordPress erbjuder en anv\u00e4ndarv\u00e4nlig och intuitiv milj\u00f6 f\u00f6r att skapa&hellip; <\/p><\/div><style>.is-style-text-clamp-two p, .wp-block-post-title.is-style-text-clamp-two{display: -webkit-box;-webkit-line-clamp: 2;-webkit-box-orient: vertical;  overflow: hidden; margin:0}<\/style>\n\n<style>.is-style-greenshift-tags-color.wp-block-post-terms a{display:inline-block;margin:0 .25rem;background:var(--wp--preset--color--tagcolor);padding:5px 10px;font-size:var(--wp--preset--font-size--xsmall);text-decoration:none;border-radius:5px; line-height:var(--wp--custom--line-height--normal);color:currentColor;}.is-style-greenshift-tags-color.wp-block-post-terms .wp-block-post-terms__separator{display:none}<\/style><\/div>\n\n<\/li><\/ul>\n\n\n<div style=\"height:30px\" aria-hidden=\"true\" class=\"wp-block-spacer\"><\/div>\n\n\n<nav class=\"wp-block-query-pagination is-content-justification-center is-layout-flex wp-container-core-query-pagination-is-layout-a89b3969 wp-block-query-pagination-is-layout-flex\" aria-label=\"Sidonumrering\">\n\n\n<div class=\"wp-block-query-pagination-numbers\"><span aria-current=\"page\" class=\"page-numbers current\">1<\/span>\n<a class=\"page-numbers\" href=\"?query-22-page=2\">2<\/a>\n<a class=\"page-numbers\" href=\"?query-22-page=3\">3<\/a>\n<span class=\"page-numbers dots\">&hellip;<\/span>\n<a class=\"page-numbers\" href=\"?query-22-page=7\">7<\/a><\/div>\n\n<a href=\"\/sv\/wp-json\/wp\/v2\/pages\/4054?query-22-page=2\" class=\"wp-block-query-pagination-next\">N\u00e4sta sida<span class='wp-block-query-pagination-next-arrow is-arrow-arrow' aria-hidden='true'>\u2192<\/span><\/a>\n<\/nav><\/div>\n\n\n<form role=\"search\" method=\"get\" action=\"https:\/\/disainveeb.ee\/sv\/\" class=\"wp-block-search__button-outside wp-block-search__text-button is-style-default wp-block-search\"    ><label class=\"wp-block-search__label screen-reader-text\" for=\"wp-block-search__input-1\" >S\u00f6k<\/label><div class=\"wp-block-search__inside-wrapper\" ><input class=\"wp-block-search__input has-xsmall-font-size\" id=\"wp-block-search__input-1\" placeholder=\"Otsi...\" value=\"\" type=\"search\" name=\"s\" required \/><button aria-label=\"Otsi\" class=\"wp-block-search__button has-xsmall-font-size wp-element-button\" type=\"submit\" >Otsi<\/button><\/div><\/form><\/main>\n","protected":false},"excerpt":{"rendered":"","protected":false},"author":1,"featured_media":0,"parent":0,"menu_order":0,"comment_status":"closed","ping_status":"closed","template":"","meta":{"_gspb_post_css":"","footnotes":""},"class_list":["post-4054","page","type-page","status-publish","hentry"],"_links":{"self":[{"href":"https:\/\/disainveeb.ee\/sv\/wp-json\/wp\/v2\/pages\/4054","targetHints":{"allow":["GET"]}}],"collection":[{"href":"https:\/\/disainveeb.ee\/sv\/wp-json\/wp\/v2\/pages"}],"about":[{"href":"https:\/\/disainveeb.ee\/sv\/wp-json\/wp\/v2\/types\/page"}],"author":[{"embeddable":true,"href":"https:\/\/disainveeb.ee\/sv\/wp-json\/wp\/v2\/users\/1"}],"replies":[{"embeddable":true,"href":"https:\/\/disainveeb.ee\/sv\/wp-json\/wp\/v2\/comments?post=4054"}],"version-history":[{"count":1,"href":"https:\/\/disainveeb.ee\/sv\/wp-json\/wp\/v2\/pages\/4054\/revisions"}],"predecessor-version":[{"id":4055,"href":"https:\/\/disainveeb.ee\/sv\/wp-json\/wp\/v2\/pages\/4054\/revisions\/4055"}],"wp:attachment":[{"href":"https:\/\/disainveeb.ee\/sv\/wp-json\/wp\/v2\/media?parent=4054"}],"curies":[{"name":"wp","href":"https:\/\/api.w.org\/{rel}","templated":true}]}}