{"id":4052,"date":"2024-10-12T10:12:17","date_gmt":"2024-10-12T07:12:17","guid":{"rendered":"https:\/\/disainveeb.ee\/blogi\/"},"modified":"2024-11-03T12:12:01","modified_gmt":"2024-11-03T10:12:01","slug":"blogi","status":"publish","type":"page","link":"https:\/\/disainveeb.ee\/fi\/blogi\/","title":{"rendered":"Blogi"},"content":{"rendered":"\n<main class=\"wp-block-group alignfull has-global-padding is-layout-constrained wp-container-core-group-is-layout-78b429ea wp-block-group-is-layout-constrained\" style=\"margin-top:0;margin-bottom:0;padding-top:var(--wp--preset--spacing--30);padding-right:var(--wp--preset--spacing--50);padding-bottom:var(--wp--preset--spacing--70);padding-left:var(--wp--preset--spacing--50)\">\n<div class=\"wp-block-query alignwide is-style-default is-layout-flow wp-block-query-is-layout-flow\"><ul class=\"wp-block-post-template is-layout-flow wp-block-post-template-is-layout-flow\"><li class=\"wp-block-post post-4826 post type-post status-publish format-standard hentry category-blogi-fi\">\n\n<div class=\"wp-block-group has-textonbutton-color has-lightbg-background-color has-text-color has-background has-link-color wp-elements-634c365b7caa19d7331f58620b4e5051 is-layout-flow wp-block-group-is-layout-flow\" style=\"border-radius:15px;margin-bottom:var(--wp--preset--spacing--70);padding-top:var(--wp--preset--spacing--80);padding-right:var(--wp--preset--spacing--70);padding-bottom:var(--wp--preset--spacing--80);padding-left:var(--wp--preset--spacing--70)\">\n<div class=\"wp-block-columns is-layout-flex wp-container-core-columns-is-layout-28f84493 wp-block-columns-is-layout-flex\">\n<div class=\"wp-block-column is-layout-flow wp-block-column-is-layout-flow\" style=\"flex-basis:70%\">\n<div class=\"wp-block-group is-layout-flow wp-container-core-group-is-layout-119bc444 wp-block-group-is-layout-flow\"><div style=\"text-transform:uppercase\" class=\"taxonomy-category is-style-gs-tags-rounded wp-block-post-terms has-xsmall-font-size\"><a href=\"https:\/\/disainveeb.ee\/fi\/category\/blogi-fi\/\" rel=\"tag\">Blogi<\/a><\/div><style>.is-style-gs-tags-rounded.wp-block-post-terms a{display:inline-block;margin:0 .25rem .25rem .25rem;padding:2px 10px;text-decoration:none;border-radius:50px;color:currentColor;border:1px solid currentColor; opacity:0.8; transition: opacity 0.5s ease }.is-style-gs-tags-rounded.wp-block-post-terms .wp-block-post-terms__separator{display:none}.is-style-gs-tags-rounded.wp-block-post-terms a:hover{opacity:1}<\/style>\n\n<h2 style=\"line-height:1.4;\" class=\"wp-block-post-title has-x-large-font-size\"><a href=\"https:\/\/disainveeb.ee\/fi\/blogi-fi\/miten-lisata-verkkokauppasivustosi-nakyvyytta-pienella-budjetilla\/\" target=\"_self\" >Miten lis\u00e4t\u00e4 verkkokauppasivustosi n\u00e4kyvyytt\u00e4 pienell\u00e4 budjetilla?<\/a><\/h2>\n\n<div class=\"is-style-text-clamp-two wp-block-post-excerpt\"><p class=\"wp-block-post-excerpt__excerpt\">S\u00e4hk\u00f6isen kaupank\u00e4ynnin maailma on eritt\u00e4in kilpailtu, ja monet yritykset miettiv\u00e4t, miten tavoittaa asiakkaat, kun markkinointibudjetit ovat rajalliset. Onneksi t\u00e4h\u00e4n ei tarvita suuria rahasummia, vaan riitt\u00e4\u00e4, ett\u00e4 on \u00e4lyk\u00e4s strategia ja johdonmukaisuus. T\u00e4ss\u00e4 on muutamia k\u00e4yt\u00e4nn\u00f6n vinkkej\u00e4 siit\u00e4, miten saat verkkokauppasi n\u00e4kyv\u00e4mm\u00e4ksi tyhjent\u00e4m\u00e4tt\u00e4 lompakkoasi. Tee verkkokaupastasi toimiva hakukoneissa (SEO) Kun ihmiset etsiv\u00e4t jotain, heid\u00e4n ensimm\u00e4inen pys\u00e4hdyspaikkansa&hellip; <\/p><\/div><style>.is-style-text-clamp-two p, .wp-block-post-title.is-style-text-clamp-two{display: -webkit-box;-webkit-line-clamp: 2;-webkit-box-orient: vertical;  overflow: hidden; margin:0}<\/style>\n\n<style>.is-style-greenshift-tags-color.wp-block-post-terms a{display:inline-block;margin:0 .25rem;background:var(--wp--preset--color--tagcolor);padding:5px 10px;font-size:var(--wp--preset--font-size--xsmall);text-decoration:none;border-radius:5px; line-height:var(--wp--custom--line-height--normal);color:currentColor;}.is-style-greenshift-tags-color.wp-block-post-terms .wp-block-post-terms__separator{display:none}<\/style><\/div>\n<\/div>\n\n\n\n<div class=\"wp-block-column is-layout-flow wp-block-column-is-layout-flow\" style=\"flex-basis:30%\"><\/div>\n<\/div>\n<\/div>\n\n<\/li><\/ul><\/div>\n\n\n\n<div class=\"wp-block-query alignwide is-style-default is-layout-flow wp-block-query-is-layout-flow\"><ul class=\"columns-2 wp-block-post-template is-layout-grid wp-container-core-post-template-is-layout-c853f95c wp-block-post-template-is-layout-grid\"><li class=\"wp-block-post post-4820 post type-post status-publish format-standard hentry category-blogi-fi\">\n\n<div class=\"wp-block-group is-layout-flow wp-container-core-group-is-layout-65c0078e wp-block-group-is-layout-flow\" style=\"padding-top:var(--wp--preset--spacing--50);padding-bottom:var(--wp--preset--spacing--50)\">\n\n<h2 style=\"line-height:1.4;\" class=\"wp-block-post-title has-big-font-size\"><a href=\"https:\/\/disainveeb.ee\/fi\/blogi-fi\/verkkosivusto-vs-verkkokauppa-mita-eroa-on-ja-kumpi-kannattaa-valita\/\" target=\"_self\" >Verkkosivusto vs. verkkokauppa: mit\u00e4 eroa on ja kumpi kannattaa valita?<\/a><\/h2>\n\n<div class=\"is-style-text-clamp-two wp-block-post-excerpt\"><p class=\"wp-block-post-excerpt__excerpt\">Jos suunnittelet yrityksellesi web-ratkaisua, termien &#8221;verkkosivusto&#8221; ja &#8221;verkkokauppa&#8221; v\u00e4linen ero voi olla h\u00e4mment\u00e4v\u00e4. Usein ihmiset pyyt\u00e4v\u00e4t tarjousta verkkosivustosta, mutta haluavat my\u00f6s myyd\u00e4 tuotteita &#8211; mik\u00e4 johtaa meid\u00e4t hybridiratkaisuihin, joissa verkkosivusto ja verkkokauppa toimivat yhdess\u00e4. T\u00e4ss\u00e4 kirjoituksessa selvit\u00e4mme t\u00e4rkeimm\u00e4t erot verkkosivuston ja verkkokaupan v\u00e4lill\u00e4 sek\u00e4 sen, milloin kannattaa valita ratkaisu, jossa n\u00e4m\u00e4 kaksi yhdistyv\u00e4t. Verkkosivusto: yrityksen&hellip; <\/p><\/div><style>.is-style-text-clamp-two p, .wp-block-post-title.is-style-text-clamp-two{display: -webkit-box;-webkit-line-clamp: 2;-webkit-box-orient: vertical;  overflow: hidden; margin:0}<\/style>\n\n<style>.is-style-greenshift-tags-color.wp-block-post-terms a{display:inline-block;margin:0 .25rem;background:var(--wp--preset--color--tagcolor);padding:5px 10px;font-size:var(--wp--preset--font-size--xsmall);text-decoration:none;border-radius:5px; line-height:var(--wp--custom--line-height--normal);color:currentColor;}.is-style-greenshift-tags-color.wp-block-post-terms .wp-block-post-terms__separator{display:none}<\/style><\/div>\n\n<\/li><li class=\"wp-block-post post-4167 post type-post status-publish format-standard hentry category-blogi-fi\">\n\n<div class=\"wp-block-group is-layout-flow wp-container-core-group-is-layout-65c0078e wp-block-group-is-layout-flow\" style=\"padding-top:var(--wp--preset--spacing--50);padding-bottom:var(--wp--preset--spacing--50)\">\n\n<h2 style=\"line-height:1.4;\" class=\"wp-block-post-title has-big-font-size\"><a href=\"https:\/\/disainveeb.ee\/fi\/blogi-fi\/5-virhetta-joita-ihmiset-tekevat-verkkosivuja-tehdessaan-ja-miten-niita-voi-valttaa\/\" target=\"_self\" >5 virhett\u00e4, joita ihmiset tekev\u00e4t verkkosivuja tehdess\u00e4\u00e4n, ja miten niit\u00e4 voi v\u00e4ltt\u00e4\u00e4.<\/a><\/h2>\n\n<div class=\"is-style-text-clamp-two wp-block-post-excerpt\"><p class=\"wp-block-post-excerpt__excerpt\">Tiesitk\u00f6, ett\u00e4 joka p\u00e4iv\u00e4 luodaan tuhansia uusia verkkosivustoja? Valitettavasti suurin osa niist\u00e4 ei koskaan p\u00e4\u00e4se Googlen hakutulosten k\u00e4rkeen, eiv\u00e4tk\u00e4 ne anna k\u00e4vij\u00f6ille sit\u00e4, mit\u00e4 he odottavat. Jos olet suunnittelemassa verkkosivustoasi tai harkitset uuden verkkosivuston hankkimista, on t\u00e4rke\u00e4\u00e4 v\u00e4ltt\u00e4\u00e4 seuraavia yleisi\u00e4 virheit\u00e4. \u00c4l\u00e4 anna verkkosivujesi j\u00e4\u00e4d\u00e4 n\u00e4kym\u00e4tt\u00f6miin &#8211; v\u00e4lt\u00e4 n\u00e4m\u00e4 viisi virhett\u00e4 ja erotu! 1. Riitt\u00e4m\u00e4t\u00f6n&hellip; <\/p><\/div><style>.is-style-text-clamp-two p, .wp-block-post-title.is-style-text-clamp-two{display: -webkit-box;-webkit-line-clamp: 2;-webkit-box-orient: vertical;  overflow: hidden; margin:0}<\/style>\n\n<style>.is-style-greenshift-tags-color.wp-block-post-terms a{display:inline-block;margin:0 .25rem;background:var(--wp--preset--color--tagcolor);padding:5px 10px;font-size:var(--wp--preset--font-size--xsmall);text-decoration:none;border-radius:5px; line-height:var(--wp--custom--line-height--normal);color:currentColor;}.is-style-greenshift-tags-color.wp-block-post-terms .wp-block-post-terms__separator{display:none}<\/style><\/div>\n\n<\/li><li class=\"wp-block-post post-4185 post type-post status-publish format-standard hentry category-blogi-fi\">\n\n<div class=\"wp-block-group is-layout-flow wp-container-core-group-is-layout-65c0078e wp-block-group-is-layout-flow\" style=\"padding-top:var(--wp--preset--spacing--50);padding-bottom:var(--wp--preset--spacing--50)\">\n\n<h2 style=\"line-height:1.4;\" class=\"wp-block-post-title has-big-font-size\"><a href=\"https:\/\/disainveeb.ee\/fi\/blogi-fi\/mika-on-mysql-ja-mihin-sita-kaytetaan\/\" target=\"_self\" >Mik\u00e4 on MySQL ja mihin sit\u00e4 k\u00e4ytet\u00e4\u00e4n?<\/a><\/h2>\n\n<div class=\"is-style-text-clamp-two wp-block-post-excerpt\"><p class=\"wp-block-post-excerpt__excerpt\">MySQL on yksi maailman suosituimmista ja k\u00e4ytetyimmist\u00e4 relaatiotietokannan hallintaj\u00e4rjestelmist\u00e4 (RDBMS). Sen kehitti alun perin ruotsalainen yritys MySQL AB vuonna 1995, mutta nyky\u00e4\u00e4n sen omistaa Oracle Corporation. MySQL on avoimen l\u00e4hdekoodin ohjelmisto, mik\u00e4 tarkoittaa, ett\u00e4 kuka tahansa voi vapaasti k\u00e4ytt\u00e4\u00e4 sit\u00e4 ja mukauttaa sit\u00e4 omiin tarpeisiinsa. Saatavilla on kuitenkin my\u00f6s kaupallisia versioita, jotka tarjoavat lis\u00e4ominaisuuksia ja&hellip; <\/p><\/div><style>.is-style-text-clamp-two p, .wp-block-post-title.is-style-text-clamp-two{display: -webkit-box;-webkit-line-clamp: 2;-webkit-box-orient: vertical;  overflow: hidden; margin:0}<\/style>\n\n<style>.is-style-greenshift-tags-color.wp-block-post-terms a{display:inline-block;margin:0 .25rem;background:var(--wp--preset--color--tagcolor);padding:5px 10px;font-size:var(--wp--preset--font-size--xsmall);text-decoration:none;border-radius:5px; line-height:var(--wp--custom--line-height--normal);color:currentColor;}.is-style-greenshift-tags-color.wp-block-post-terms .wp-block-post-terms__separator{display:none}<\/style><\/div>\n\n<\/li><li class=\"wp-block-post post-4209 post type-post status-publish format-standard hentry category-blogi-fi\">\n\n<div class=\"wp-block-group is-layout-flow wp-container-core-group-is-layout-65c0078e wp-block-group-is-layout-flow\" style=\"padding-top:var(--wp--preset--spacing--50);padding-bottom:var(--wp--preset--spacing--50)\">\n\n<h2 style=\"line-height:1.4;\" class=\"wp-block-post-title has-big-font-size\"><a href=\"https:\/\/disainveeb.ee\/fi\/blogi-fi\/mika-on-saas\/\" target=\"_self\" >Mik\u00e4 on SaaS?<\/a><\/h2>\n\n<div class=\"is-style-text-clamp-two wp-block-post-excerpt\"><p class=\"wp-block-post-excerpt__excerpt\">Nykyp\u00e4iv\u00e4n digitaalisessa maailmassa SaaS (Software as a Service) on tullut keskeiseksi k\u00e4sitteeksi. Yksinkertaisesti sanottuna SaaS on malli, jossa ohjelmistoja toimitetaan internetin kautta tilauspohjaisesti. T\u00e4m\u00e4 tarkoittaa, ett\u00e4 sinun ei tarvitse ostaa ohjelmistoa eik\u00e4 asentaa sit\u00e4 tietokoneellesi. Sen sijaan kirjaudut verkkoon ja k\u00e4yt\u00e4t ohjelmistoa palveluntarjoajan palvelimilla. Monet meist\u00e4 k\u00e4ytt\u00e4v\u00e4t SaaS-ratkaisuja jo p\u00e4ivitt\u00e4in, olipa kyse sitten Gmailista, Office&hellip; <\/p><\/div><style>.is-style-text-clamp-two p, .wp-block-post-title.is-style-text-clamp-two{display: -webkit-box;-webkit-line-clamp: 2;-webkit-box-orient: vertical;  overflow: hidden; margin:0}<\/style>\n\n<style>.is-style-greenshift-tags-color.wp-block-post-terms a{display:inline-block;margin:0 .25rem;background:var(--wp--preset--color--tagcolor);padding:5px 10px;font-size:var(--wp--preset--font-size--xsmall);text-decoration:none;border-radius:5px; line-height:var(--wp--custom--line-height--normal);color:currentColor;}.is-style-greenshift-tags-color.wp-block-post-terms .wp-block-post-terms__separator{display:none}<\/style><\/div>\n\n<\/li><li class=\"wp-block-post post-4260 post type-post status-publish format-standard hentry category-blogi-fi\">\n\n<div class=\"wp-block-group is-layout-flow wp-container-core-group-is-layout-65c0078e wp-block-group-is-layout-flow\" style=\"padding-top:var(--wp--preset--spacing--50);padding-bottom:var(--wp--preset--spacing--50)\">\n\n<h2 style=\"line-height:1.4;\" class=\"wp-block-post-title has-big-font-size\"><a href=\"https:\/\/disainveeb.ee\/fi\/blogi-fi\/mika-on-verkkotunnus-ja-aliverkkotunnus\/\" target=\"_self\" >Mik\u00e4 on verkkotunnus ja aliverkkotunnus?<\/a><\/h2>\n\n<div class=\"is-style-text-clamp-two wp-block-post-excerpt\"><p class=\"wp-block-post-excerpt__excerpt\">Verkkotunnus Verkkotunnus on keskeinen osa Internetin DNS-j\u00e4rjestelm\u00e4\u00e4 (Domain Name System), joka auttaa yhdist\u00e4m\u00e4\u00e4n Internet-resursseja ja tietokoneita niiden nimien perusteella. J\u00e4rjestelm\u00e4 muuntaa verkkotunnuksen nimen IP-osoitteeksi, jolloin tietokoneet ja palvelimet l\u00f6yt\u00e4v\u00e4t toisensa. Verkkotunnukset ovat hierarkkisesti j\u00e4senneltyj\u00e4, alkaen korkean tason verkkotunnuksista (TLD), kuten &#8221;.com&#8221;, &#8221;.org&#8221;, &#8221;.net&#8221;, &#8221;.edu&#8221; jne. verkkotunnuksista. N\u00e4m\u00e4 ovat laajalti tunnettuja ja yleisi\u00e4 verkkotunnuksia, joita k\u00e4ytet\u00e4\u00e4n&hellip; <\/p><\/div><style>.is-style-text-clamp-two p, .wp-block-post-title.is-style-text-clamp-two{display: -webkit-box;-webkit-line-clamp: 2;-webkit-box-orient: vertical;  overflow: hidden; margin:0}<\/style>\n\n<style>.is-style-greenshift-tags-color.wp-block-post-terms a{display:inline-block;margin:0 .25rem;background:var(--wp--preset--color--tagcolor);padding:5px 10px;font-size:var(--wp--preset--font-size--xsmall);text-decoration:none;border-radius:5px; line-height:var(--wp--custom--line-height--normal);color:currentColor;}.is-style-greenshift-tags-color.wp-block-post-terms .wp-block-post-terms__separator{display:none}<\/style><\/div>\n\n<\/li><li class=\"wp-block-post post-4266 post type-post status-publish format-standard hentry category-blogi-fi\">\n\n<div class=\"wp-block-group is-layout-flow wp-container-core-group-is-layout-65c0078e wp-block-group-is-layout-flow\" style=\"padding-top:var(--wp--preset--spacing--50);padding-bottom:var(--wp--preset--spacing--50)\">\n\n<h2 style=\"line-height:1.4;\" class=\"wp-block-post-title has-big-font-size\"><a href=\"https:\/\/disainveeb.ee\/fi\/blogi-fi\/verkkosivuston-nopeus-seon-vaikutus-ja-merkitys\/\" target=\"_self\" >Verkkosivuston nopeus: SEO:n vaikutus ja merkitys<\/a><\/h2>\n\n<div class=\"is-style-text-clamp-two wp-block-post-excerpt\"><p class=\"wp-block-post-excerpt__excerpt\">Nyky\u00e4\u00e4n ihmisten keskim\u00e4\u00e4r\u00e4inen keskittymiskyky on laskenut huomattavasti. T\u00e4m\u00e4 muutos edellytt\u00e4\u00e4 nopeampaa ja tehokkaampaa verkkosivujen suunnittelua ja optimointia, jotta ne tarjoaisivat v\u00e4lit\u00f6nt\u00e4 tietoa. Verkkosivujen nopeus ja k\u00e4ytt\u00e4j\u00e4kokemus ovatkin ratkaisevia tekij\u00f6it\u00e4, kun halutaan luoda my\u00f6nteinen ensivaikutelma ja pit\u00e4\u00e4 k\u00e4ytt\u00e4j\u00e4t. Sivut, joiden latausnopeus on hidas, ovat vaarassa menett\u00e4\u00e4 k\u00e4vij\u00f6it\u00e4, jotka eiv\u00e4t halua odottaa. My\u00f6s hakukoneet, kuten Google, alkavat&hellip; <\/p><\/div><style>.is-style-text-clamp-two p, .wp-block-post-title.is-style-text-clamp-two{display: -webkit-box;-webkit-line-clamp: 2;-webkit-box-orient: vertical;  overflow: hidden; margin:0}<\/style>\n\n<style>.is-style-greenshift-tags-color.wp-block-post-terms a{display:inline-block;margin:0 .25rem;background:var(--wp--preset--color--tagcolor);padding:5px 10px;font-size:var(--wp--preset--font-size--xsmall);text-decoration:none;border-radius:5px; line-height:var(--wp--custom--line-height--normal);color:currentColor;}.is-style-greenshift-tags-color.wp-block-post-terms .wp-block-post-terms__separator{display:none}<\/style><\/div>\n\n<\/li><li class=\"wp-block-post post-4272 post type-post status-publish format-standard hentry category-blogi-fi\">\n\n<div class=\"wp-block-group is-layout-flow wp-container-core-group-is-layout-65c0078e wp-block-group-is-layout-flow\" style=\"padding-top:var(--wp--preset--spacing--50);padding-bottom:var(--wp--preset--spacing--50)\">\n\n<h2 style=\"line-height:1.4;\" class=\"wp-block-post-title has-big-font-size\"><a href=\"https:\/\/disainveeb.ee\/fi\/blogi-fi\/shopify-alusta-verkkokaupan-luomiseen\/\" target=\"_self\" >Shopify: alusta verkkokaupan luomiseen<\/a><\/h2>\n\n<div class=\"is-style-text-clamp-two wp-block-post-excerpt\"><p class=\"wp-block-post-excerpt__excerpt\">Shopify on yksi johtavista verkkokauppa-alustoista, joka auttaa yrityksi\u00e4 k\u00e4ynnist\u00e4m\u00e4\u00e4n verkkokauppansa nopeasti ja helposti. Alusta on tunnettu k\u00e4ytt\u00e4j\u00e4yst\u00e4v\u00e4llisest\u00e4 k\u00e4ytt\u00f6liittym\u00e4st\u00e4, jonka ansiosta verkkokaupan perustaminen on helppoa my\u00f6s ei-teknisille k\u00e4ytt\u00e4jille. Shopify tarjoaa intuitiivisen hallintapaneelin ja lukuisia sis\u00e4\u00e4nrakennettuja ty\u00f6kaluja, joten se sopii kaikenkokoisille yrityksille. Shopify hallinnoi myym\u00e4l\u00f6it\u00e4 omilla palvelimillaan, mik\u00e4 vapauttaa k\u00e4ytt\u00e4j\u00e4t teknisest\u00e4 infrastruktuurista aiheutuvasta vaivasta. N\u00e4in varmistetaan PCI&hellip; <\/p><\/div><style>.is-style-text-clamp-two p, .wp-block-post-title.is-style-text-clamp-two{display: -webkit-box;-webkit-line-clamp: 2;-webkit-box-orient: vertical;  overflow: hidden; margin:0}<\/style>\n\n<style>.is-style-greenshift-tags-color.wp-block-post-terms a{display:inline-block;margin:0 .25rem;background:var(--wp--preset--color--tagcolor);padding:5px 10px;font-size:var(--wp--preset--font-size--xsmall);text-decoration:none;border-radius:5px; line-height:var(--wp--custom--line-height--normal);color:currentColor;}.is-style-greenshift-tags-color.wp-block-post-terms .wp-block-post-terms__separator{display:none}<\/style><\/div>\n\n<\/li><li class=\"wp-block-post post-4289 post type-post status-publish format-standard hentry category-blogi-fi\">\n\n<div class=\"wp-block-group is-layout-flow wp-container-core-group-is-layout-65c0078e wp-block-group-is-layout-flow\" style=\"padding-top:var(--wp--preset--spacing--50);padding-bottom:var(--wp--preset--spacing--50)\">\n\n<h2 style=\"line-height:1.4;\" class=\"wp-block-post-title has-big-font-size\"><a href=\"https:\/\/disainveeb.ee\/fi\/blogi-fi\/mika-on-elementor\/\" target=\"_self\" >Mik\u00e4 on Elementor?<\/a><\/h2>\n\n<div class=\"is-style-text-clamp-two wp-block-post-excerpt\"><p class=\"wp-block-post-excerpt__excerpt\">Oletko koskaan ajatellut perustaa oman verkkosivuston, mutta tekniset esteet tuntuvat liian pelottavalta? Elementor auttaa sinua toteuttamaan ideasi. Elementor on WordPress-lis\u00e4osa, josta on saatavilla sek\u00e4 ilmaisia ett\u00e4 maksullisia versioita. Maksullisissa versioissa on enemm\u00e4n ominaisuuksia ja vaihtoehtoja, joiden avulla k\u00e4ytt\u00e4j\u00e4t voivat luoda entist\u00e4kin ammattimaisemman n\u00e4k\u00f6isi\u00e4 verkkosivustoja. T\u00e4m\u00e4n seurauksena Elementorista on tullut suosittu valinta sek\u00e4 kokeneille web-kehitt\u00e4jille ett\u00e4&hellip; <\/p><\/div><style>.is-style-text-clamp-two p, .wp-block-post-title.is-style-text-clamp-two{display: -webkit-box;-webkit-line-clamp: 2;-webkit-box-orient: vertical;  overflow: hidden; margin:0}<\/style>\n\n<style>.is-style-greenshift-tags-color.wp-block-post-terms a{display:inline-block;margin:0 .25rem;background:var(--wp--preset--color--tagcolor);padding:5px 10px;font-size:var(--wp--preset--font-size--xsmall);text-decoration:none;border-radius:5px; line-height:var(--wp--custom--line-height--normal);color:currentColor;}.is-style-greenshift-tags-color.wp-block-post-terms .wp-block-post-terms__separator{display:none}<\/style><\/div>\n\n<\/li><li class=\"wp-block-post post-4299 post type-post status-publish format-standard hentry category-blogi-fi\">\n\n<div class=\"wp-block-group is-layout-flow wp-container-core-group-is-layout-65c0078e wp-block-group-is-layout-flow\" style=\"padding-top:var(--wp--preset--spacing--50);padding-bottom:var(--wp--preset--spacing--50)\">\n\n<h2 style=\"line-height:1.4;\" class=\"wp-block-post-title has-big-font-size\"><a href=\"https:\/\/disainveeb.ee\/fi\/blogi-fi\/web-kehityksen-aloittaminen-html-css-ja-javascript\/\" target=\"_self\" >Web-kehityksen aloittaminen: HTML, CSS ja JavaScript<\/a><\/h2>\n\n<div class=\"is-style-text-clamp-two wp-block-post-excerpt\"><p class=\"wp-block-post-excerpt__excerpt\">HTML &#8211; Verkkosis\u00e4ll\u00f6n luominen HTML (HyperText Markup Language) on kieli, jota k\u00e4ytet\u00e4\u00e4n verkkosivujen rakenteen ja sis\u00e4ll\u00f6n m\u00e4\u00e4ritt\u00e4miseen. Se muodostaa perustan, jolle verkkosivut rakennetaan. HTMLavulla voidaan luoda teksti\u00e4, kuvia, linkkej\u00e4 ja muuta sis\u00e4lt\u00f6\u00e4, joka on n\u00e4kyviss\u00e4 verkkosivuston k\u00e4vij\u00f6ille. HTML on aina ollut verkkokehityksen kulmakivi ja t\u00e4rke\u00e4 osa oppimista. Kehittyneet verkkokehitt\u00e4j\u00e4t syvent\u00e4v\u00e4t ymm\u00e4rryst\u00e4\u00e4n HTMLrakenteesta ja semantiikasta. T\u00e4m\u00e4&hellip; <\/p><\/div><style>.is-style-text-clamp-two p, .wp-block-post-title.is-style-text-clamp-two{display: -webkit-box;-webkit-line-clamp: 2;-webkit-box-orient: vertical;  overflow: hidden; margin:0}<\/style>\n\n<style>.is-style-greenshift-tags-color.wp-block-post-terms a{display:inline-block;margin:0 .25rem;background:var(--wp--preset--color--tagcolor);padding:5px 10px;font-size:var(--wp--preset--font-size--xsmall);text-decoration:none;border-radius:5px; line-height:var(--wp--custom--line-height--normal);color:currentColor;}.is-style-greenshift-tags-color.wp-block-post-terms .wp-block-post-terms__separator{display:none}<\/style><\/div>\n\n<\/li><li class=\"wp-block-post post-4307 post type-post status-publish format-standard hentry category-blogi-fi\">\n\n<div class=\"wp-block-group is-layout-flow wp-container-core-group-is-layout-65c0078e wp-block-group-is-layout-flow\" style=\"padding-top:var(--wp--preset--spacing--50);padding-bottom:var(--wp--preset--spacing--50)\">\n\n<h2 style=\"line-height:1.4;\" class=\"wp-block-post-title has-big-font-size\"><a href=\"https:\/\/disainveeb.ee\/fi\/blogi-fi\/woocommerce-verkkokauppa-wordpress-alustalla\/\" target=\"_self\" >WooCommerce: verkkokauppa WordPress-alustalla<\/a><\/h2>\n\n<div class=\"is-style-text-clamp-two wp-block-post-excerpt\"><p class=\"wp-block-post-excerpt__excerpt\">WooCommerce on WordPress-laajennus, jonka avulla voit nopeasti ja helposti luoda oman verkkokaupan. Se tarjoaa erilaisia \u200b\u200bominaisuuksia, kuten tuotehallinnan, ostoskorin, maksuvaihtoehdot, toimituksen ja paljon muuta. Mik\u00e4 on WooCommerce? WooCommerce on avoimen l\u00e4hdekoodin verkkokauppa-alusta, joka toimii WordPressin verkkosivujen liit\u00e4nn\u00e4isen\u00e4. Se mahdollistaa k\u00e4ytt\u00e4jien luoda ja hallita verkkokauppoja helposti ja tehokkaasti, tarjoten laajan valikoiman ominaisuuksia tuotehallinnasta raportointiin. T\u00e4m\u00e4n alustan&hellip; <\/p><\/div><style>.is-style-text-clamp-two p, .wp-block-post-title.is-style-text-clamp-two{display: -webkit-box;-webkit-line-clamp: 2;-webkit-box-orient: vertical;  overflow: hidden; margin:0}<\/style>\n\n<style>.is-style-greenshift-tags-color.wp-block-post-terms a{display:inline-block;margin:0 .25rem;background:var(--wp--preset--color--tagcolor);padding:5px 10px;font-size:var(--wp--preset--font-size--xsmall);text-decoration:none;border-radius:5px; line-height:var(--wp--custom--line-height--normal);color:currentColor;}.is-style-greenshift-tags-color.wp-block-post-terms .wp-block-post-terms__separator{display:none}<\/style><\/div>\n\n<\/li><\/ul>\n\n\n<div style=\"height:30px\" aria-hidden=\"true\" class=\"wp-block-spacer\"><\/div>\n\n\n<nav class=\"wp-block-query-pagination is-content-justification-center is-layout-flex wp-container-core-query-pagination-is-layout-a89b3969 wp-block-query-pagination-is-layout-flex\" aria-label=\"Sivutus\">\n\n\n<div class=\"wp-block-query-pagination-numbers\"><span aria-current=\"page\" class=\"page-numbers current\">1<\/span>\n<a class=\"page-numbers\" href=\"?query-22-page=2\">2<\/a>\n<a class=\"page-numbers\" href=\"?query-22-page=3\">3<\/a>\n<span class=\"page-numbers dots\">&hellip;<\/span>\n<a class=\"page-numbers\" href=\"?query-22-page=7\">7<\/a><\/div>\n\n<a href=\"\/fi\/wp-json\/wp\/v2\/pages\/4052?query-22-page=2\" class=\"wp-block-query-pagination-next\">Seuraava sivu<span class='wp-block-query-pagination-next-arrow is-arrow-arrow' aria-hidden='true'>\u2192<\/span><\/a>\n<\/nav><\/div>\n\n\n<form role=\"search\" method=\"get\" action=\"https:\/\/disainveeb.ee\/fi\/\" class=\"wp-block-search__button-outside wp-block-search__text-button is-style-default wp-block-search\"    ><label class=\"wp-block-search__label screen-reader-text\" for=\"wp-block-search__input-1\" >Etsi<\/label><div class=\"wp-block-search__inside-wrapper\" ><input class=\"wp-block-search__input has-xsmall-font-size\" id=\"wp-block-search__input-1\" placeholder=\"Search...\" value=\"\" type=\"search\" name=\"s\" required \/><button aria-label=\"Search\" class=\"wp-block-search__button has-xsmall-font-size wp-element-button\" type=\"submit\" >Search<\/button><\/div><\/form><\/main>\n","protected":false},"excerpt":{"rendered":"","protected":false},"author":1,"featured_media":0,"parent":0,"menu_order":0,"comment_status":"closed","ping_status":"closed","template":"","meta":{"_gspb_post_css":"","footnotes":""},"class_list":["post-4052","page","type-page","status-publish","hentry"],"_links":{"self":[{"href":"https:\/\/disainveeb.ee\/fi\/wp-json\/wp\/v2\/pages\/4052","targetHints":{"allow":["GET"]}}],"collection":[{"href":"https:\/\/disainveeb.ee\/fi\/wp-json\/wp\/v2\/pages"}],"about":[{"href":"https:\/\/disainveeb.ee\/fi\/wp-json\/wp\/v2\/types\/page"}],"author":[{"embeddable":true,"href":"https:\/\/disainveeb.ee\/fi\/wp-json\/wp\/v2\/users\/1"}],"replies":[{"embeddable":true,"href":"https:\/\/disainveeb.ee\/fi\/wp-json\/wp\/v2\/comments?post=4052"}],"version-history":[{"count":1,"href":"https:\/\/disainveeb.ee\/fi\/wp-json\/wp\/v2\/pages\/4052\/revisions"}],"predecessor-version":[{"id":4053,"href":"https:\/\/disainveeb.ee\/fi\/wp-json\/wp\/v2\/pages\/4052\/revisions\/4053"}],"wp:attachment":[{"href":"https:\/\/disainveeb.ee\/fi\/wp-json\/wp\/v2\/media?parent=4052"}],"curies":[{"name":"wp","href":"https:\/\/api.w.org\/{rel}","templated":true}]}}